{"id":252,"date":"2021-04-21T13:12:29","date_gmt":"2021-04-21T11:12:29","guid":{"rendered":"https:\/\/praxis-dr-benner.de\/?page_id=252"},"modified":"2023-06-28T12:22:33","modified_gmt":"2023-06-28T10:22:33","slug":"zahnersatz","status":"publish","type":"page","link":"https:\/\/praxis-dr-benner.brands-and-friends.de\/en\/leistungen\/zahnersatz\/","title":{"rendered":"Zahnersatz"},"content":{"rendered":"\n<figure class=\"wp-block-image size-full\"><img loading=\"lazy\" decoding=\"async\" width=\"1920\" height=\"436\" src=\"https:\/\/praxis-dr-benner.brands-and-friends.de\/wp-content\/uploads\/2021\/05\/zanersatz_header.jpg\" alt=\"Zahnarzt Dr. Benner\" class=\"wp-image-393\" title=\"Zahnarzt Dr. Benner\" srcset=\"https:\/\/praxis-dr-benner.brands-and-friends.de\/wp-content\/uploads\/2021\/05\/zanersatz_header.jpg 1920w, https:\/\/praxis-dr-benner.brands-and-friends.de\/wp-content\/uploads\/2021\/05\/zanersatz_header-300x68.jpg 300w, https:\/\/praxis-dr-benner.brands-and-friends.de\/wp-content\/uploads\/2021\/05\/zanersatz_header-1024x233.jpg 1024w, https:\/\/praxis-dr-benner.brands-and-friends.de\/wp-content\/uploads\/2021\/05\/zanersatz_header-768x174.jpg 768w, https:\/\/praxis-dr-benner.brands-and-friends.de\/wp-content\/uploads\/2021\/05\/zanersatz_header-1536x349.jpg 1536w\" sizes=\"auto, (max-width: 1920px) 100vw, 1920px\" \/><\/figure>\n\n\n\n<div class=\"wp-block-group fixed-size\"><div class=\"wp-block-group__inner-container is-layout-flow wp-block-group-is-layout-flow\">\n<div style=\"height:35px\" aria-hidden=\"true\" class=\"wp-block-spacer\"><\/div>\n\n\n\n<h2 class=\"wp-block-heading\">Zahnersatz<\/h2>\n\n\n\n<p>L\u00fcckenlose Zahnreihen haben nicht nur einen \u00e4sthetischen Wert. Vielmehr sind sie Ausdruck eines kulturellen Ideals und bieten rein funktionelle Qualit\u00e4ten, wie Komfort bei der Nahrungsaufnahme und dem Formen diverser Laute beim Sprechen. Sie sind somit ein Zeichen f\u00fcr Lebensqualit\u00e4t und K\u00f6rpergef\u00fchl, welche durch den richtigen Zahnersatz wiederhergestellt werden k\u00f6nnen.<br>Mit unseren topmodernen, digitalen Verfahren, die metallfreien Zahnersatz erm\u00f6glichen, bieten wir Ihnen eine pr\u00e4zise, schonende und effiziente Behandlungsart. Als Material der Wahl haben sich diverse Formen biokompatibler, allergiefreier Keramiken herauskristallisiert, die dar\u00fcber hinaus auch noch zahnfarben sind. Sprechen Sie uns einfach an und zusammen erarbeiten wir, welche davon die Richtige f\u00fcr Sie ist!<\/p>\n\n\n\n<div class=\"wp-block-group fixed-size\"><div class=\"wp-block-group__inner-container is-layout-flow wp-block-group-is-layout-flow\">\n<div style=\"height:40px\" aria-hidden=\"true\" class=\"wp-block-spacer\"><\/div>\n\n\n\n<div class=\"wp-block-columns is-layout-flex wp-container-core-columns-is-layout-9d6595d7 wp-block-columns-is-layout-flex\">\n<div class=\"wp-block-column is-vertically-aligned-center is-layout-flow wp-block-column-is-layout-flow\">\n<figure class=\"wp-block-image size-large\"><img loading=\"lazy\" decoding=\"async\" width=\"411\" height=\"340\" src=\"https:\/\/praxis-dr-benner.brands-and-friends.de\/wp-content\/uploads\/2021\/05\/zanersatz_content01.jpg\" alt=\"Zahnarzt Dr. Benner\" class=\"wp-image-391\" title=\"Zahnarzt Dr. Benner\" srcset=\"https:\/\/praxis-dr-benner.brands-and-friends.de\/wp-content\/uploads\/2021\/05\/zanersatz_content01.jpg 411w, https:\/\/praxis-dr-benner.brands-and-friends.de\/wp-content\/uploads\/2021\/05\/zanersatz_content01-300x248.jpg 300w\" sizes=\"auto, (max-width: 411px) 100vw, 411px\" \/><\/figure>\n\n\n\n<p><\/p>\n<\/div>\n\n\n\n<div class=\"wp-block-column is-layout-flow wp-block-column-is-layout-flow\">\n<h4 class=\"wp-block-heading\">Die Umsetzung<\/h4>\n\n\n\n<p>Der Planung der Therapie \u2013 des Zahnersatzes jedoch ganz im Besonderen \u2013 kommt in der Zahnmedizin eine enorme Bedeutung zu. Deshalb liegt unser Fokus darauf, gr\u00fcndlich und mit allen technisch m\u00f6glichen Diagnostikmethoden, die f\u00fcr Sie passende L\u00f6sung zu finden, damit Aussprache, die Funktion in Bezug auf die Zerkleinerung der Mahlzeiten sowie Form und Farbe das f\u00fcr Sie perfekte Ergebnis bilden.<\/p>\n\n\n\n<div style=\"height:35px\" aria-hidden=\"true\" class=\"wp-block-spacer\"><\/div>\n<\/div>\n<\/div>\n\n\n\n<div style=\"height:20px\" aria-hidden=\"true\" class=\"wp-block-spacer\"><\/div>\n<\/div><\/div>\n<\/div><\/div>\n\n\n\n<div class=\"wp-block-group full-size light-blue\"><div class=\"wp-block-group__inner-container is-layout-flow wp-block-group-is-layout-flow\">\n<div style=\"height:20px\" aria-hidden=\"true\" class=\"wp-block-spacer\"><\/div>\n\n\n\n<div class=\"wp-block-columns fixed-size is-layout-flex wp-container-core-columns-is-layout-9d6595d7 wp-block-columns-is-layout-flex\">\n<div class=\"wp-block-column is-vertically-aligned-center is-layout-flow wp-block-column-is-layout-flow\">\n<h2 class=\"wp-block-heading\">Ihr Budget \u2013 Unsere Leistung<\/h2>\n\n\n\n<p>Durch Zahnersatz entstehen Kosten. In einem separaten Beratungstermin werden vor Behandlungsbeginn alle verf\u00fcgbaren Optionen und die daf\u00fcr zu leistenden Aufwendungen besprochen. Wir legen Wert auf v\u00f6llige Kostentransparenz \u2013 ohne versteckte Geb\u00fchren, ohne Kleingedrucktes!<br>Ratenzahlungen geh\u00f6ren in unserer Praxis zum Alltag. Scheuen Sie sich bitte nicht, uns darauf anzusprechen, damit wir Ihren Bed\u00fcrfnissen gerecht werden k\u00f6nnen!<\/p>\n<\/div>\n\n\n\n<div class=\"wp-block-column is-layout-flow wp-block-column-is-layout-flow\"><div class=\"wp-block-image\">\n<figure class=\"alignright size-large\"><img loading=\"lazy\" decoding=\"async\" width=\"411\" height=\"340\" src=\"https:\/\/praxis-dr-benner.brands-and-friends.de\/wp-content\/uploads\/2021\/05\/zanersatz_content02.jpg\" alt=\"Zahnarzt Dr. Benner\" class=\"wp-image-392\" title=\"Zahnarzt Dr. Benner\" srcset=\"https:\/\/praxis-dr-benner.brands-and-friends.de\/wp-content\/uploads\/2021\/05\/zanersatz_content02.jpg 411w, https:\/\/praxis-dr-benner.brands-and-friends.de\/wp-content\/uploads\/2021\/05\/zanersatz_content02-300x248.jpg 300w\" sizes=\"auto, (max-width: 411px) 100vw, 411px\" \/><\/figure>\n<\/div><\/div>\n<\/div>\n\n\n\n<div style=\"height:21px\" aria-hidden=\"true\" class=\"wp-block-spacer\"><\/div>\n<\/div><\/div>\n\n\n\n<div class=\"wp-block-columns wp-splate-before-footer is-layout-flex wp-container-core-columns-is-layout-9d6595d7 wp-block-columns-is-layout-flex\">\n<div class=\"wp-block-column spalte-color is-layout-flow wp-block-column-is-layout-flow\">\n<div style=\"height:40px\" aria-hidden=\"true\" class=\"wp-block-spacer\"><\/div>\n\n\n\n\n<div id=\"wk-grida66\" class=\"uk-grid-width-1-1 uk-grid-width-small-1-1 uk-grid-width-medium-1-1 uk-grid-width-large-1-2 uk-grid-width-xlarge-1-2 uk-grid uk-grid-match uk-text-left \" data-uk-grid-match=\"{target:'> div > .uk-panel', row:true}\" data-uk-grid-margin  data-uk-scrollspy=\"{cls:'uk-animation-scale-up uk-invisible', target:'> div > .uk-panel', delay:300}\">\n\n\n    <div>\n        <div class=\"uk-panel uk-invisible\">\n\n            \n            \n                        <div class=\"uk-text-center uk-margin uk-margin-top-remove\"><img loading=\"lazy\" decoding=\"async\" src=\"\/wp-content\/uploads\/2020\/06\/benner-icon.png\" alt=\"PRAXIS\" width=\"96\" height=\"96\" title=\"Zahnarzt Dr. Benner\"><\/div>\n            \n            \n            \n            \n            \n                        <div class=\"uk-margin\"><div id=\"kontakt_\">.<\/div>\n<h5>PRAXIS DR. BENNER<\/h5>\nLandstr. 23<br>\n50374 Erftstadt<br>\nTel. 02235 &#8211; 6525<br>\n<a href=\"mailto:info@praxis-dr-benner.de\">info@praxis-dr-benner.de<\/a><br>\n<a href=\"https:\/\/praxis-dr-benner.brands-and-friends.de\">www.praxis-dr-benner.de<\/a><br>\n<hr><\/div>\n            \n            \n            \n            \n        <\/div>\n    <\/div>\n\n\n<\/div>\n\n<script>\n(function($){\n\n    \/\/ get the images of the gallery and replace it by a canvas of the same size to fix the problem with overlapping images on load.\n    $('img[width][height]:not(.uk-overlay-panel)', $('#wk-grida66')).each(function() {\n\n        var $img = $(this);\n\n        if (this.width == 'auto' || this.height == 'auto' || !$img.is(':visible')) {\n            return;\n        }\n\n        var $canvas = $('<canvas class=\"uk-responsive-width\"><\/canvas>').attr({width:$img.attr('width'), height:$img.attr('height')}),\n            img = new Image,\n            release = function() {\n                $canvas.remove();\n                $img.css('display', '');\n                release = function(){};\n            };\n\n        $img.css('display', 'none').after($canvas);\n\n        $(img).on('load', function(){ release(); });\n        setTimeout(function(){ release(); }, 1000);\n\n        img.src = this.src;\n\n    });\n\n})(jQuery);\n<\/script>\n\n\n\n\n<div style=\"height:40px\" aria-hidden=\"true\" class=\"wp-block-spacer\"><\/div>\n<\/div>\n\n\n\n<div class=\"wp-block-column spalte-oz-block is-layout-flow wp-block-column-is-layout-flow\">\n<div style=\"height:71px\" aria-hidden=\"true\" class=\"wp-block-spacer\"><\/div>\n\n\n\n\n<div id=\"wk-grid089\" class=\"uk-grid-width-1-1 uk-grid-width-small-1-1 uk-grid-width-medium-1-1 uk-grid-width-large-1-2 uk-grid-width-xlarge-1-2 uk-grid uk-grid-match uk-text-left landigpage-oz\" data-uk-grid-match=\"{target:'> div > .uk-panel', row:true}\" data-uk-grid-margin  data-uk-scrollspy=\"{cls:'uk-animation-scale-up uk-invisible', target:'> div > .uk-panel', delay:300}\">\n\n\n    <div>\n        <div class=\"uk-panel uk-invisible\">\n\n            \n            \n            \n            \n                        <h3 class=\"uk-panel-title\">\n\n                                    \u00d6ffnungszeiten                \n                \n            <\/h3>\n            \n            \n            \n                        <div class=\"uk-margin\"><div class=\"\">\n<div id=\"oeffnungszeiten_\">.<\/div>\n<table>\n<tbody>\n<tr>\n<td>Montag<\/td>\n<td>07:30 &#8211; 19:30 Uhr<\/td>\n<\/tr>\n<tr>\n<td>Dienstag<\/td>\n<td>07:30 &#8211; 19:30 Uhr<\/td>\n<\/tr>\n<tr>\n<td>Mittwoch<\/td>\n<td>07:30 &#8211; 17:00 Uhr<\/td>\n<\/tr>\n<tr>\n<td>Donnerstag<\/td>\n<td>07:30 &#8211; 19:30 Uhr<\/td>\n<\/tr>\n<tr>\n<td>Freitag<\/td>\n<td>07:30 &#8211; 13:30 Uhr<\/td>\n<\/tr>\n<\/tbody>\n<\/table><\/div>\n<\/div>\n            \n            \n            \n            \n        <\/div>\n    <\/div>\n\n\n<\/div>\n\n<script>\n(function($){\n\n    \/\/ get the images of the gallery and replace it by a canvas of the same size to fix the problem with overlapping images on load.\n    $('img[width][height]:not(.uk-overlay-panel)', $('#wk-grid089')).each(function() {\n\n        var $img = $(this);\n\n        if (this.width == 'auto' || this.height == 'auto' || !$img.is(':visible')) {\n            return;\n        }\n\n        var $canvas = $('<canvas class=\"uk-responsive-width\"><\/canvas>').attr({width:$img.attr('width'), height:$img.attr('height')}),\n            img = new Image,\n            release = function() {\n                $canvas.remove();\n                $img.css('display', '');\n                release = function(){};\n            };\n\n        $img.css('display', 'none').after($canvas);\n\n        $(img).on('load', function(){ release(); });\n        setTimeout(function(){ release(); }, 1000);\n\n        img.src = this.src;\n\n    });\n\n})(jQuery);\n<\/script>\n\n\n\n\n<div style=\"height:10px\" aria-hidden=\"true\" class=\"wp-block-spacer\"><\/div>\n\n\n\n<p><\/p>\n<\/div>\n<\/div>\n","protected":false},"excerpt":{"rendered":"<p>Zahnersatz L\u00fcckenlose Zahnreihen haben nicht nur einen \u00e4sthetischen Wert. Vielmehr sind sie Ausdruck eines kulturellen Ideals und bieten rein funktionelle Qualit\u00e4ten, wie Komfort bei der Nahrungsaufnahme und dem Formen diverser Laute beim Sprechen. Sie sind somit ein Zeichen f\u00fcr Lebensqualit\u00e4t und K\u00f6rpergef\u00fchl, welche durch den richtigen Zahnersatz wiederhergestellt werden k\u00f6nnen.Mit unseren topmodernen, digitalen Verfahren, die [&hellip;]<\/p>\n","protected":false},"author":1,"featured_media":0,"parent":165,"menu_order":0,"comment_status":"closed","ping_status":"closed","template":"","meta":{"_custom_body_class":"landingpage","_custom_post_class":"","footnotes":""},"class_list":["post-252","page","type-page","status-publish","hentry"],"_links":{"self":[{"href":"https:\/\/praxis-dr-benner.brands-and-friends.de\/en\/wp-json\/wp\/v2\/pages\/252","targetHints":{"allow":["GET"]}}],"collection":[{"href":"https:\/\/praxis-dr-benner.brands-and-friends.de\/en\/wp-json\/wp\/v2\/pages"}],"about":[{"href":"https:\/\/praxis-dr-benner.brands-and-friends.de\/en\/wp-json\/wp\/v2\/types\/page"}],"author":[{"embeddable":true,"href":"https:\/\/praxis-dr-benner.brands-and-friends.de\/en\/wp-json\/wp\/v2\/users\/1"}],"replies":[{"embeddable":true,"href":"https:\/\/praxis-dr-benner.brands-and-friends.de\/en\/wp-json\/wp\/v2\/comments?post=252"}],"version-history":[{"count":5,"href":"https:\/\/praxis-dr-benner.brands-and-friends.de\/en\/wp-json\/wp\/v2\/pages\/252\/revisions"}],"predecessor-version":[{"id":867,"href":"https:\/\/praxis-dr-benner.brands-and-friends.de\/en\/wp-json\/wp\/v2\/pages\/252\/revisions\/867"}],"up":[{"embeddable":true,"href":"https:\/\/praxis-dr-benner.brands-and-friends.de\/en\/wp-json\/wp\/v2\/pages\/165"}],"wp:attachment":[{"href":"https:\/\/praxis-dr-benner.brands-and-friends.de\/en\/wp-json\/wp\/v2\/media?parent=252"}],"curies":[{"name":"wp","href":"https:\/\/api.w.org\/{rel}","templated":true}]}}